{"id":223,"date":"2026-03-12T04:14:42","date_gmt":"2026-03-12T04:14:42","guid":{"rendered":"https:\/\/grupobb.com.mx\/wordpress\/?page_id=223"},"modified":"2026-03-12T22:04:48","modified_gmt":"2026-03-12T22:04:48","slug":"nosotros","status":"publish","type":"page","link":"https:\/\/grupobb.com.mx\/wordpress\/nosotros\/","title":{"rendered":"Nosotros"},"content":{"rendered":"\n<p><strong>Somos una empresa internacional<\/strong> <strong>de gente con experiencia<\/strong> <strong>Comprometidos con el desarrollo&nbsp;<\/strong> <strong>del Comercio Exterior<\/strong>.<\/p>\n\n\n\n<figure class=\"wp-block-video\"><video height=\"1080\" style=\"aspect-ratio: 1920 \/ 1080;\" width=\"1920\" controls src=\"https:\/\/grupobb.com.mx\/wordpress\/wp-content\/uploads\/2026\/03\/Grupo-aduanal-BB-1.mp4\"><\/video><\/figure>\n\n\n\n<p>Grupo Barrera Berlanga nace en 1996 con el objeto de brindar y servir a una creciente industria del Comercio Exterior en la regi\u00f3n norte de M\u00e9xico. A trav\u00e9s del tiempo hemos crecido y diversificando nuestros servicios, lo que actualmente nos consolida como una empresa l\u00edder en el despacho aduanal. Nuestra base de operaciones esta ubicada en el puerto fronterizo de Piedras Negras &#8211; Eagle Pass, donde se cuenta con una excelente comunicaci\u00f3n carretera y ferroviaria hacia el centro de M\u00e9xico y el norte de Estados Unidos.<\/p>\n\n\n\n<div class=\"wp-block-media-text is-stacked-on-mobile\"><figure class=\"wp-block-media-text__media\"><img loading=\"lazy\" decoding=\"async\" width=\"1024\" height=\"683\" src=\"https:\/\/grupobb.com.mx\/wordpress\/wp-content\/uploads\/2026\/03\/business-team-concept-1-1024x683.jpg\" alt=\"\" class=\"wp-image-182 size-full\" srcset=\"https:\/\/grupobb.com.mx\/wordpress\/wp-content\/uploads\/2026\/03\/business-team-concept-1-1024x683.jpg 1024w, https:\/\/grupobb.com.mx\/wordpress\/wp-content\/uploads\/2026\/03\/business-team-concept-1-300x200.jpg 300w, https:\/\/grupobb.com.mx\/wordpress\/wp-content\/uploads\/2026\/03\/business-team-concept-1-768x512.jpg 768w, https:\/\/grupobb.com.mx\/wordpress\/wp-content\/uploads\/2026\/03\/business-team-concept-1-1536x1024.jpg 1536w, https:\/\/grupobb.com.mx\/wordpress\/wp-content\/uploads\/2026\/03\/business-team-concept-1-2048x1365.jpg 2048w\" sizes=\"auto, (max-width: 1024px) 100vw, 1024px\" \/><\/figure><div class=\"wp-block-media-text__content\">\n<p><strong>Misi\u00f3n <\/strong><\/p>\n\n\n\n<p>Proporcionar un servicio integral y de Calidad en las operaciones comerciales internacionales v\u00ednculadas con la aduana mexicana, as\u00ed mismo brindar asesor\u00eda y seguimiento a la normatividad de la materia para ofrecer seguridad jur\u00eddica a Nuestros clientes.<\/p>\n<\/div><\/div>\n\n\n\n<div class=\"wp-block-media-text has-media-on-the-right is-stacked-on-mobile\"><div class=\"wp-block-media-text__content\">\n<p><strong>Visi\u00f3n<\/strong><\/p>\n\n\n\n<p>Mantener la calidad y permanecer a la vanguardia en el conocimiento legal y tecnol\u00f3gico para aplicarlo en la operaci\u00f3n de la empresa<\/p>\n<\/div><figure class=\"wp-block-media-text__media\"><img loading=\"lazy\" decoding=\"async\" width=\"1024\" height=\"536\" src=\"https:\/\/grupobb.com.mx\/wordpress\/wp-content\/uploads\/2026\/03\/flare-portrait-holding-classy-brunette-1-1024x536.jpg\" alt=\"\" class=\"wp-image-183 size-full\" srcset=\"https:\/\/grupobb.com.mx\/wordpress\/wp-content\/uploads\/2026\/03\/flare-portrait-holding-classy-brunette-1-1024x536.jpg 1024w, https:\/\/grupobb.com.mx\/wordpress\/wp-content\/uploads\/2026\/03\/flare-portrait-holding-classy-brunette-1-300x157.jpg 300w, https:\/\/grupobb.com.mx\/wordpress\/wp-content\/uploads\/2026\/03\/flare-portrait-holding-classy-brunette-1-768x402.jpg 768w, https:\/\/grupobb.com.mx\/wordpress\/wp-content\/uploads\/2026\/03\/flare-portrait-holding-classy-brunette-1-1536x804.jpg 1536w, https:\/\/grupobb.com.mx\/wordpress\/wp-content\/uploads\/2026\/03\/flare-portrait-holding-classy-brunette-1-2048x1072.jpg 2048w\" sizes=\"auto, (max-width: 1024px) 100vw, 1024px\" \/><\/figure><\/div>\n\n\n\n<h3 class=\"wp-block-heading\"><strong>Valores<\/strong><\/h3>\n\n\n\n<ul class=\"wp-block-list\">\n<li>Confianza<\/li>\n\n\n\n<li>Responsabilidad<\/li>\n\n\n\n<li>Profesionalismo<\/li>\n\n\n\n<li>Transparencia<\/li>\n\n\n\n<li>Compromiso con el cliente<\/li>\n<\/ul>\n","protected":false},"excerpt":{"rendered":"<p>Somos una empresa internacional de gente con experiencia Comprometidos con el desarrollo&nbsp; del Comercio Exterior. Grupo Barrera Berlanga nace en 1996 con el objeto de brindar y servir a una&hellip;<\/p>\n","protected":false},"author":2,"featured_media":0,"parent":0,"menu_order":0,"comment_status":"closed","ping_status":"closed","template":"","meta":{"_joinchat":[],"footnotes":""},"class_list":["post-223","page","type-page","status-publish","hentry"],"_links":{"self":[{"href":"https:\/\/grupobb.com.mx\/wordpress\/wp-json\/wp\/v2\/pages\/223","targetHints":{"allow":["GET"]}}],"collection":[{"href":"https:\/\/grupobb.com.mx\/wordpress\/wp-json\/wp\/v2\/pages"}],"about":[{"href":"https:\/\/grupobb.com.mx\/wordpress\/wp-json\/wp\/v2\/types\/page"}],"author":[{"embeddable":true,"href":"https:\/\/grupobb.com.mx\/wordpress\/wp-json\/wp\/v2\/users\/2"}],"replies":[{"embeddable":true,"href":"https:\/\/grupobb.com.mx\/wordpress\/wp-json\/wp\/v2\/comments?post=223"}],"version-history":[{"count":3,"href":"https:\/\/grupobb.com.mx\/wordpress\/wp-json\/wp\/v2\/pages\/223\/revisions"}],"predecessor-version":[{"id":254,"href":"https:\/\/grupobb.com.mx\/wordpress\/wp-json\/wp\/v2\/pages\/223\/revisions\/254"}],"wp:attachment":[{"href":"https:\/\/grupobb.com.mx\/wordpress\/wp-json\/wp\/v2\/media?parent=223"}],"curies":[{"name":"wp","href":"https:\/\/api.w.org\/{rel}","templated":true}]}}