{"id":172,"date":"2026-03-11T23:39:40","date_gmt":"2026-03-11T23:39:40","guid":{"rendered":"https:\/\/grupobb.com.mx\/wordpress\/?page_id=172"},"modified":"2026-03-11T23:39:40","modified_gmt":"2026-03-11T23:39:40","slug":"comercializadora","status":"publish","type":"page","link":"https:\/\/grupobb.com.mx\/wordpress\/comercializadora\/","title":{"rendered":"Comercializadora"},"content":{"rendered":"\n<ul class=\"wp-block-list\">\n<li>Importaci\u00f3n de mercanc\u00edas con padr\u00f3n general y sectorial<\/li>\n\n\n\n<li>Permisos de importaci\u00f3n<\/li>\n\n\n\n<li>Asesor\u00eda al importador<\/li>\n\n\n\n<li>Servicio al comercio exterior<\/li>\n\n\n\n<li>Asesor\u00eda Fiscal Aduanal<\/li>\n\n\n\n<li>Gestor\u00eda y tr\u00e1mites en diferentes secretarias y dependencias<\/li>\n\n\n\n<li>Clasificaci\u00f3n de mercanc\u00edas<\/li>\n<\/ul>\n\n\n\n<figure class=\"wp-block-gallery has-nested-images columns-default is-cropped wp-block-gallery-1 is-layout-flex wp-block-gallery-is-layout-flex\">\n<figure class=\"wp-block-image size-large\"><img loading=\"lazy\" decoding=\"async\" width=\"1024\" height=\"683\" data-id=\"154\" src=\"https:\/\/grupobb.com.mx\/wordpress\/wp-content\/uploads\/2026\/03\/medium-shot-smiley-man-warehouse-1024x683.jpg\" alt=\"\" class=\"wp-image-154\" srcset=\"https:\/\/grupobb.com.mx\/wordpress\/wp-content\/uploads\/2026\/03\/medium-shot-smiley-man-warehouse-1024x683.jpg 1024w, https:\/\/grupobb.com.mx\/wordpress\/wp-content\/uploads\/2026\/03\/medium-shot-smiley-man-warehouse-300x200.jpg 300w, https:\/\/grupobb.com.mx\/wordpress\/wp-content\/uploads\/2026\/03\/medium-shot-smiley-man-warehouse-768x512.jpg 768w, https:\/\/grupobb.com.mx\/wordpress\/wp-content\/uploads\/2026\/03\/medium-shot-smiley-man-warehouse-1536x1024.jpg 1536w, https:\/\/grupobb.com.mx\/wordpress\/wp-content\/uploads\/2026\/03\/medium-shot-smiley-man-warehouse-2048x1365.jpg 2048w\" sizes=\"auto, (max-width: 1024px) 100vw, 1024px\" \/><\/figure>\n<\/figure>\n","protected":false},"excerpt":{"rendered":"","protected":false},"author":2,"featured_media":0,"parent":0,"menu_order":0,"comment_status":"closed","ping_status":"closed","template":"","meta":{"_joinchat":[],"footnotes":""},"class_list":["post-172","page","type-page","status-publish","hentry"],"_links":{"self":[{"href":"https:\/\/grupobb.com.mx\/wordpress\/wp-json\/wp\/v2\/pages\/172","targetHints":{"allow":["GET"]}}],"collection":[{"href":"https:\/\/grupobb.com.mx\/wordpress\/wp-json\/wp\/v2\/pages"}],"about":[{"href":"https:\/\/grupobb.com.mx\/wordpress\/wp-json\/wp\/v2\/types\/page"}],"author":[{"embeddable":true,"href":"https:\/\/grupobb.com.mx\/wordpress\/wp-json\/wp\/v2\/users\/2"}],"replies":[{"embeddable":true,"href":"https:\/\/grupobb.com.mx\/wordpress\/wp-json\/wp\/v2\/comments?post=172"}],"version-history":[{"count":1,"href":"https:\/\/grupobb.com.mx\/wordpress\/wp-json\/wp\/v2\/pages\/172\/revisions"}],"predecessor-version":[{"id":174,"href":"https:\/\/grupobb.com.mx\/wordpress\/wp-json\/wp\/v2\/pages\/172\/revisions\/174"}],"wp:attachment":[{"href":"https:\/\/grupobb.com.mx\/wordpress\/wp-json\/wp\/v2\/media?parent=172"}],"curies":[{"name":"wp","href":"https:\/\/api.w.org\/{rel}","templated":true}]}}